{"id":18,"date":"2024-05-28T02:31:09","date_gmt":"2024-05-28T02:31:09","guid":{"rendered":"https:\/\/demenagementtf.ca\/?page_id=18"},"modified":"2024-09-03T02:54:00","modified_gmt":"2024-09-03T02:54:00","slug":"a-propos","status":"publish","type":"page","link":"https:\/\/demenagementtf.ca\/a-propos\/","title":{"rendered":"\u00c0 Propos"},"content":{"rendered":"<p>[et_pb_section fb_built=\u00a0\u00bb1&Prime; theme_builder_area=\u00a0\u00bbpost_content\u00a0\u00bb _builder_version=\u00a0\u00bb4.25.1&Prime; _module_preset=\u00a0\u00bbdefault\u00a0\u00bb][et_pb_row _builder_version=\u00a0\u00bb4.25.1&Prime; _module_preset=\u00a0\u00bbdefault\u00a0\u00bb theme_builder_area=\u00a0\u00bbpost_content\u00a0\u00bb][et_pb_column _builder_version=\u00a0\u00bb4.25.1&Prime; _module_preset=\u00a0\u00bbdefault\u00a0\u00bb type=\u00a0\u00bb4_4&Prime; theme_builder_area=\u00a0\u00bbpost_content\u00a0\u00bb][et_pb_text _builder_version=\u00a0\u00bb4.25.1&Prime; _module_preset=\u00a0\u00bbdefault\u00a0\u00bb theme_builder_area=\u00a0\u00bbpost_content\u00a0\u00bb hover_enabled=\u00a0\u00bb0&Prime; sticky_enabled=\u00a0\u00bb0&Prime;]<\/p>\n<h1 class=\"wixui-rich-text__text\"><span class=\"wixui-rich-text__text\">Des d\u00e9m\u00e9nageurs exp\u00e9riment\u00e9s offrant un service personnalis\u00e9<\/span><\/h1>\n<p class=\"wixui-rich-text__text\"><span class=\"wixui-rich-text__text\">Nous desservons une client\u00e8le commerciale et r\u00e9sidentielle<\/span><\/p>\n<p class=\"wixui-rich-text__text\"><span class=\"wixui-rich-text__text\">D\u00e9m\u00e9nagement Therrien Fortin \u0153uvre dans le domaine du transport et d\u00e9m\u00e9nagement depuis plus de 20 ans. Fond\u00e9e par \u00c9ric Therrien et Christian Fortin en 1995, l&rsquo;entreprise a su faire ses preuves en offrant un service professionnel et de qualit\u00e9. \u00c0 l&rsquo;aide de notre \u00e9quipe fiable, exp\u00e9riment\u00e9e et dynamique, nous desservons tant des clients r\u00e9sidentiels que commerciaux.<\/span><\/p>\n<p class=\"wixui-rich-text__text\"><span class=\"wixui-rich-text__text\">\u00a0<\/span><\/p>\n<p class=\"wixui-rich-text__text\"><span class=\"wixui-rich-text__text\"><a href=\"https:\/\/www.demenagementtf.ca\/contact\" target=\"_self\" class=\"wixui-rich-text__text\" rel=\"noopener\">Communiquez<\/a><span>\u00a0<\/span>avec nous pour une estimation gratuite!<\/span><\/p>\n<p>[\/et_pb_text][\/et_pb_column][\/et_pb_row][\/et_pb_section]<\/p>\n","protected":false},"excerpt":{"rendered":"<p>Des d\u00e9m\u00e9nageurs exp\u00e9riment\u00e9s offrant un service personnalis\u00e9 Nous desservons une client\u00e8le commerciale et r\u00e9sidentielle D\u00e9m\u00e9nagement Therrien Fortin \u0153uvre dans le domaine du transport et d\u00e9m\u00e9nagement depuis plus de 20 ans. Fond\u00e9e par \u00c9ric Therrien et Christian Fortin en 1995, l&rsquo;entreprise a su faire ses preuves en offrant un service professionnel et de qualit\u00e9. \u00c0 l&rsquo;aide [&hellip;]<\/p>\n","protected":false},"author":1,"featured_media":0,"parent":0,"menu_order":0,"comment_status":"closed","ping_status":"closed","template":"","meta":{"_et_pb_use_builder":"on","_et_pb_old_content":"","_et_gb_content_width":"","footnotes":""},"class_list":["post-18","page","type-page","status-publish","hentry"],"_links":{"self":[{"href":"https:\/\/demenagementtf.ca\/wp-json\/wp\/v2\/pages\/18","targetHints":{"allow":["GET"]}}],"collection":[{"href":"https:\/\/demenagementtf.ca\/wp-json\/wp\/v2\/pages"}],"about":[{"href":"https:\/\/demenagementtf.ca\/wp-json\/wp\/v2\/types\/page"}],"author":[{"embeddable":true,"href":"https:\/\/demenagementtf.ca\/wp-json\/wp\/v2\/users\/1"}],"replies":[{"embeddable":true,"href":"https:\/\/demenagementtf.ca\/wp-json\/wp\/v2\/comments?post=18"}],"version-history":[{"count":3,"href":"https:\/\/demenagementtf.ca\/wp-json\/wp\/v2\/pages\/18\/revisions"}],"predecessor-version":[{"id":70,"href":"https:\/\/demenagementtf.ca\/wp-json\/wp\/v2\/pages\/18\/revisions\/70"}],"wp:attachment":[{"href":"https:\/\/demenagementtf.ca\/wp-json\/wp\/v2\/media?parent=18"}],"curies":[{"name":"wp","href":"https:\/\/api.w.org\/{rel}","templated":true}]}}