{"id":20,"date":"2024-05-28T02:31:35","date_gmt":"2024-05-28T02:31:35","guid":{"rendered":"https:\/\/demenagementtf.ca\/?page_id=20"},"modified":"2024-09-03T02:52:42","modified_gmt":"2024-09-03T02:52:42","slug":"services","status":"publish","type":"page","link":"https:\/\/demenagementtf.ca\/?page_id=20","title":{"rendered":"Services"},"content":{"rendered":"<p>[et_pb_section fb_built=\u00a0\u00bb1&Prime; theme_builder_area=\u00a0\u00bbpost_content\u00a0\u00bb _builder_version=\u00a0\u00bb4.25.1&Prime; _module_preset=\u00a0\u00bbdefault\u00a0\u00bb hover_enabled=\u00a0\u00bb0&Prime; sticky_enabled=\u00a0\u00bb0&Prime;][et_pb_row _builder_version=\u00a0\u00bb4.25.1&Prime; _module_preset=\u00a0\u00bbdefault\u00a0\u00bb theme_builder_area=\u00a0\u00bbpost_content\u00a0\u00bb][et_pb_column _builder_version=\u00a0\u00bb4.25.1&Prime; _module_preset=\u00a0\u00bbdefault\u00a0\u00bb type=\u00a0\u00bb4_4&Prime; theme_builder_area=\u00a0\u00bbpost_content\u00a0\u00bb][et_pb_text _builder_version=\u00a0\u00bb4.25.1&Prime; _module_preset=\u00a0\u00bbdefault\u00a0\u00bb theme_builder_area=\u00a0\u00bbpost_content\u00a0\u00bb hover_enabled=\u00a0\u00bb0&Prime; sticky_enabled=\u00a0\u00bb0&Prime;]<\/p>\n<h1 class=\"wixui-rich-text__text\"><strong>D\u00c9M\u00c9NAGEMENT R\u00c9SIDENTIEL<\/strong><span class=\"wixui-rich-text__text\"><\/span><\/h1>\n<p><strong><\/strong><\/p>\n<h1 class=\"wixui-rich-text__text\"><span class=\"wixui-rich-text__text\">D\u00e9m\u00e9nagement 7 jours sur 7 et 24 h sur 24, sur la Rive-Sud de Montr\u00e9al<\/span><\/h1>\n<p><span class=\"wixui-rich-text__text\"><\/span><\/p>\n<p class=\"wixui-rich-text__text\"><span class=\"wixui-rich-text__text\">Prix comp\u00e9titifs et service personnalis\u00e9<\/span><\/p>\n<p class=\"wixui-rich-text__text\"><span class=\"wixui-rich-text__text\">D\u00e9m\u00e9nager n&rsquo;est pas de tout repos. Chez D\u00e9m\u00e9nagement Therrien Fortin, nous sommes conscients que beaucoup de choses sont \u00e0 penser lorsqu&rsquo;on change de milieu de vie. C&rsquo;est pourquoi nous offrons une gamme compl\u00e8te de services reli\u00e9s au d\u00e9m\u00e9nagement, qui vous permet de respirer et vaquer \u00e0 d&rsquo;autres occupations importantes.<\/span><\/p>\n<p class=\"wixui-rich-text__text\"><span class=\"wixui-rich-text__text\">\u00a0<\/span><\/p>\n<p class=\"wixui-rich-text__text\"><span class=\"wixui-rich-text__text\">En toute tranquillit\u00e9<\/span><\/p>\n<p class=\"wixui-rich-text__text\"><span class=\"wixui-rich-text__text\">Par ailleurs, notre service d&rsquo;urgence vous permet de faire face \u00e0 toute \u00e9ventualit\u00e9. D\u00e9m\u00e9nagement Therrien Fortin. est enti\u00e8rement assur\u00e9* (cargo et dommages). De plus, nous vous offrons des tarifs horaires ou forfaitaires.<\/span><\/p>\n<p class=\"wixui-rich-text__text\"><span class=\"wixui-rich-text__text\">\u00a0<\/span><\/p>\n<p class=\"wixui-rich-text__text\"><span class=\"wixui-rich-text__text\">Pour votre d\u00e9m\u00e9nagement, choisissez la paix d&rsquo;esprit; faites confiance \u00e0 l&rsquo;\u00e9quipe exp\u00e9riment\u00e9e de<a href=\"https:\/\/www.demenagementtf.ca\/contact\" target=\"_self\" class=\"wixui-rich-text__text\" rel=\"noopener\"><span>\u00a0<\/span>D\u00e9m\u00e9nagement Therrien Fortin<\/a>!<\/span><\/p>\n<p class=\"wixui-rich-text__text\"><span class=\"wixui-rich-text__text\">\u00a0<\/span><\/p>\n<h2 class=\"wixui-rich-text__text\"><span class=\"wixui-rich-text__text\">Services de d\u00e9m\u00e9nagement offerts :<\/span><\/h2>\n<ul class=\"wixui-rich-text__text\">\n<li class=\"wixui-rich-text__text\"><span class=\"wixui-rich-text__text\">Service d\u2019urgence<\/span><\/li>\n<li class=\"wixui-rich-text__text\"><span class=\"wixui-rich-text__text\">Entreposage<\/span><\/li>\n<li class=\"wixui-rich-text__text\"><span class=\"wixui-rich-text__text\">Emballage et d\u00e9ballage soigneux, partiel ou complet, selon vos besoins<\/span><\/li>\n<li class=\"wixui-rich-text__text\"><span class=\"wixui-rich-text__text\">Manutention attentionn\u00e9e<\/span><\/li>\n<li class=\"wixui-rich-text__text\"><span class=\"wixui-rich-text__text\">D\u00e9montage et installation de meubles et de mat\u00e9riel \u00e9lectronique<\/span><\/li>\n<\/ul>\n<p class=\"wixui-rich-text__text\"><span class=\"wixui-rich-text__text\">\u00a0<\/span><\/p>\n<p class=\"wixui-rich-text__text\"><span class=\"wixui-rich-text__text\">*Une franchise de 250 $ s&rsquo;applique.<\/span><span class=\"wixui-rich-text__text\"><\/span><\/p>\n<h1 class=\"wixui-rich-text__text\"><strong><\/strong><\/h1>\n<h1 class=\"wixui-rich-text__text\"><strong><\/strong><\/h1>\n<h1 class=\"wixui-rich-text__text\"><strong>D\u00c9M\u00c9NAGEMENT COMMERCIAL<\/strong><span class=\"wixui-rich-text__text\"><\/span><\/h1>\n<p><strong><\/strong><\/p>\n<div id=\"comp-lb1f5mp4\" class=\"HcOXKn SxM0TO QxJLC3 lq2cno comp-lb1f5mp4 wixui-rich-text\" data-testid=\"richTextElement\">\n<div class=\"wixui-rich-text__text\">\n<h1 class=\"wixui-rich-text__text\"><span class=\"wixui-rich-text__text\">Transport local et longue distance pour\u00a0entreprises<\/span><\/h1>\n<p class=\"wixui-rich-text__text\"><span class=\"wixui-rich-text__text\">Reprenez rapidement le travail<\/span><\/p>\n<p class=\"wixui-rich-text__text\"><span class=\"wixui-rich-text__text\">D\u00e9m\u00e9nager son entreprise avec les Transports et D\u00e9m\u00e9nagement Therrien Fortin est simple et efficace.<\/span><\/p>\n<p class=\"wixui-rich-text__text\"><span class=\"wixui-rich-text__text\">\u00a0<\/span><\/p>\n<p class=\"wixui-rich-text__text\"><span class=\"wixui-rich-text__text\">Nous offrons un service d\u2019urgence ainsi que toutes les assurances n\u00e9cessaires pour prot\u00e9ger ad\u00e9quatement vos biens*.<\/span><\/p>\n<p class=\"wixui-rich-text__text\"><span class=\"wixui-rich-text__text\">\u00a0<\/span><\/p>\n<p class=\"wixui-rich-text__text\"><span class=\"wixui-rich-text__text\">Votre ameublement de bureau, votre \u00e9quipement informatique et tout autre mat\u00e9riel sont entre bonnes mains : gr\u00e2ce \u00e0 notre service d&rsquo;installation de meubles et de mat\u00e9riel \u00e9lectronique, vous serez pr\u00eat \u00e0 reprendre le travail dans les meilleurs d\u00e9lais. De plus, vous avez le choix entre des tarifs horaires ou forfaitaires.<\/span><\/p>\n<\/div>\n<\/div>\n<div id=\"comp-lb1f5muc\" class=\"HcOXKn SxM0TO QxJLC3 lq2cno comp-lb1f5muc wixui-rich-text\" data-testid=\"richTextElement\">\n<div class=\"wixui-rich-text__text\">\n<p><span class=\"wixui-rich-text__text\"><\/span><\/p>\n<p class=\"wixui-rich-text__text\"><span class=\"wixui-rich-text__text\">Services<\/span><\/p>\n<p><span class=\"wixui-rich-text__text\"><\/span><\/p>\n<ul class=\"wixui-rich-text__text\">\n<li class=\"wixui-rich-text__text\"><span class=\"wixui-rich-text__text\">Service d\u2019urgence<\/span><\/li>\n<li class=\"wixui-rich-text__text\"><span class=\"wixui-rich-text__text\">Entreposage<\/span><\/li>\n<li class=\"wixui-rich-text__text\"><span class=\"wixui-rich-text__text\">Emballage et d\u00e9ballage soigneux, partiel ou complet, selon vos besoins<\/span><\/li>\n<li class=\"wixui-rich-text__text\"><span class=\"wixui-rich-text__text\">Manutention attentionn\u00e9e<\/span><\/li>\n<li class=\"wixui-rich-text__text\"><span class=\"wixui-rich-text__text\">D\u00e9montage et installation de meubles et de mat\u00e9riel \u00e9lectronique<\/span><\/li>\n<\/ul>\n<p class=\"wixui-rich-text__text\"><span class=\"wixui-rich-text__text\">\u00a0<\/span><\/p>\n<p class=\"wixui-rich-text__text\"><span class=\"wixui-rich-text__text\">*<span>\u00a0<\/span>Une franchise de 250 $ s&rsquo;applique.<\/span><\/p>\n<p class=\"wixui-rich-text__text\"><span class=\"wixui-rich-text__text\"><\/span><\/p>\n<h2 class=\"wixui-rich-text__text\"><strong><span class=\"wixui-rich-text__text\">Mat\u00e9riel offert<\/span><\/strong><\/h2>\n<ul class=\"wixui-rich-text__text\">\n<li class=\"wixui-rich-text__text\"><span class=\"wixui-rich-text__text\">Bo\u00eetes de tout format<\/span><\/li>\n<li class=\"wixui-rich-text__text\"><span class=\"wixui-rich-text__text\">Bo\u00eetes de garde-robe<\/span><\/li>\n<li class=\"wixui-rich-text__text\"><span class=\"wixui-rich-text__text\">Couvertures capitonn\u00e9es<\/span><\/li>\n<li class=\"wixui-rich-text__text\"><span class=\"wixui-rich-text__text\">Housse de matelas<\/span><\/li>\n<li class=\"wixui-rich-text__text\"><span class=\"wixui-rich-text__text\">Tapis protecteurs<\/span><\/li>\n<li class=\"wixui-rich-text__text\"><span class=\"wixui-rich-text__text\">Papier ondul\u00e9, emballage \u00e0 bulles pour objets fragiles et pr\u00e9cieux<\/span><\/li>\n<\/ul>\n<\/div>\n<\/div>\n<p class=\"wixui-rich-text__text\"><span class=\"wixui-rich-text__text\"><\/span><\/p>\n<p>[\/et_pb_text][\/et_pb_column][\/et_pb_row][\/et_pb_section]<\/p>\n","protected":false},"excerpt":{"rendered":"<p>D\u00c9M\u00c9NAGEMENT R\u00c9SIDENTIEL D\u00e9m\u00e9nagement 7 jours sur 7 et 24 h sur 24, sur la Rive-Sud de Montr\u00e9al Prix comp\u00e9titifs et service personnalis\u00e9 D\u00e9m\u00e9nager n&rsquo;est pas de tout repos. Chez D\u00e9m\u00e9nagement Therrien Fortin, nous sommes conscients que beaucoup de choses sont \u00e0 penser lorsqu&rsquo;on change de milieu de vie. C&rsquo;est pourquoi nous offrons une gamme compl\u00e8te [&hellip;]<\/p>\n","protected":false},"author":1,"featured_media":0,"parent":0,"menu_order":0,"comment_status":"closed","ping_status":"closed","template":"","meta":{"_et_pb_use_builder":"on","_et_pb_old_content":"","_et_gb_content_width":"","footnotes":""},"class_list":["post-20","page","type-page","status-publish","hentry"],"_links":{"self":[{"href":"https:\/\/demenagementtf.ca\/index.php?rest_route=\/wp\/v2\/pages\/20","targetHints":{"allow":["GET"]}}],"collection":[{"href":"https:\/\/demenagementtf.ca\/index.php?rest_route=\/wp\/v2\/pages"}],"about":[{"href":"https:\/\/demenagementtf.ca\/index.php?rest_route=\/wp\/v2\/types\/page"}],"author":[{"embeddable":true,"href":"https:\/\/demenagementtf.ca\/index.php?rest_route=\/wp\/v2\/users\/1"}],"replies":[{"embeddable":true,"href":"https:\/\/demenagementtf.ca\/index.php?rest_route=%2Fwp%2Fv2%2Fcomments&post=20"}],"version-history":[{"count":3,"href":"https:\/\/demenagementtf.ca\/index.php?rest_route=\/wp\/v2\/pages\/20\/revisions"}],"predecessor-version":[{"id":68,"href":"https:\/\/demenagementtf.ca\/index.php?rest_route=\/wp\/v2\/pages\/20\/revisions\/68"}],"wp:attachment":[{"href":"https:\/\/demenagementtf.ca\/index.php?rest_route=%2Fwp%2Fv2%2Fmedia&parent=20"}],"curies":[{"name":"wp","href":"https:\/\/api.w.org\/{rel}","templated":true}]}}